{"id":866,"date":"2024-07-10T17:30:22","date_gmt":"2024-07-10T22:30:22","guid":{"rendered":"https:\/\/dantealighierimty.com\/sitio\/?page_id=866"},"modified":"2024-07-12T10:19:17","modified_gmt":"2024-07-12T15:19:17","slug":"formulario-contacto-web","status":"publish","type":"page","link":"https:\/\/dantealighierimty.com\/sitio\/formulario-contacto-web\/","title":{"rendered":"Formulario Contacto Web"},"content":{"rendered":"\t\t<div data-elementor-type=\"wp-page\" data-elementor-id=\"866\" class=\"elementor elementor-866\" data-elementor-post-type=\"page\">\n\t\t\t\t\t\t<section class=\"elementor-section elementor-top-section elementor-element elementor-element-822b326 elementor-section-boxed elementor-section-height-default elementor-section-height-default\" data-id=\"822b326\" data-element_type=\"section\">\n\t\t\t\t\t\t<div class=\"elementor-container elementor-column-gap-default\">\n\t\t\t\t\t<div class=\"elementor-column elementor-col-100 elementor-top-column elementor-element elementor-element-c665c1f\" data-id=\"c665c1f\" data-element_type=\"column\">\n\t\t\t<div class=\"elementor-widget-wrap elementor-element-populated\">\n\t\t\t\t\t\t<div class=\"elementor-element elementor-element-ac9f257 elementor-widget elementor-widget-heading\" data-id=\"ac9f257\" data-element_type=\"widget\" data-widget_type=\"heading.default\">\n\t\t\t\t<div class=\"elementor-widget-container\">\n\t\t\t<h3 class=\"elementor-heading-title elementor-size-default\">\u00bfDeseas m\u00e1s informaci\u00f3n?<\/h3>\t\t<\/div>\n\t\t\t\t<\/div>\n\t\t\t\t<div class=\"elementor-element elementor-element-e44ba71 elementor-widget elementor-widget-text-editor\" data-id=\"e44ba71\" data-element_type=\"widget\" data-widget_type=\"text-editor.default\">\n\t\t\t\t<div class=\"elementor-widget-container\">\n\t\t\t\t\t\t\t<p>Si tienes alguna duda o comentario puedes contactarnos utilizando el siguiente formulario. Contamos con aviso de privacidad para la protecci\u00f3n de tus datos personales. <a href=\"https:\/\/dantealighierimty.com\/aviso-privacidad.shtml\">Cons\u00faltalo aqu\u00ed<\/a>.<\/p>\t\t\t\t\t\t<\/div>\n\t\t\t\t<\/div>\n\t\t\t\t<div class=\"elementor-element elementor-element-ef484a6 elementor-button-align-center elementor-widget elementor-widget-form\" data-id=\"ef484a6\" data-element_type=\"widget\" data-settings=\"{&quot;step_next_label&quot;:&quot;Next&quot;,&quot;step_previous_label&quot;:&quot;Previous&quot;,&quot;button_width&quot;:&quot;100&quot;,&quot;step_type&quot;:&quot;number_text&quot;,&quot;step_icon_shape&quot;:&quot;circle&quot;}\" data-widget_type=\"form.default\">\n\t\t\t\t<div class=\"elementor-widget-container\">\n\t\t\t\t\t<form class=\"elementor-form\" method=\"post\" name=\"Formulario de contacto\">\n\t\t\t<input type=\"hidden\" name=\"post_id\" value=\"866\"\/>\n\t\t\t<input type=\"hidden\" name=\"form_id\" value=\"ef484a6\"\/>\n\t\t\t<input type=\"hidden\" name=\"referer_title\" value=\"Dante Alighieri de Monterrey\" \/>\n\n\t\t\t\n\t\t\t<div class=\"elementor-form-fields-wrapper elementor-labels-above\">\n\t\t\t\t\t\t\t\t<div class=\"elementor-field-type-text elementor-field-group elementor-column elementor-field-group-name elementor-col-33 elementor-field-required elementor-mark-required\">\n\t\t\t\t\t\t\t\t\t\t\t\t<label for=\"form-field-name\" class=\"elementor-field-label\">\n\t\t\t\t\t\t\t\tNombre\t\t\t\t\t\t\t<\/label>\n\t\t\t\t\t\t\t\t\t\t\t\t\t\t<input size=\"1\" type=\"text\" name=\"form_fields[name]\" id=\"form-field-name\" class=\"elementor-field elementor-size-md  elementor-field-textual\" required=\"required\" aria-required=\"true\">\n\t\t\t\t\t\t\t\t\t\t\t<\/div>\n\t\t\t\t\t\t\t\t<div class=\"elementor-field-type-email elementor-field-group elementor-column elementor-field-group-email elementor-col-33 elementor-field-required elementor-mark-required\">\n\t\t\t\t\t\t\t\t\t\t\t\t<label for=\"form-field-email\" class=\"elementor-field-label\">\n\t\t\t\t\t\t\t\tEmail\t\t\t\t\t\t\t<\/label>\n\t\t\t\t\t\t\t\t\t\t\t\t\t\t<input size=\"1\" type=\"email\" name=\"form_fields[email]\" id=\"form-field-email\" class=\"elementor-field elementor-size-md  elementor-field-textual\" required=\"required\" aria-required=\"true\">\n\t\t\t\t\t\t\t\t\t\t\t<\/div>\n\t\t\t\t\t\t\t\t<div class=\"elementor-field-type-text elementor-field-group elementor-column elementor-field-group-field_08b50df elementor-col-33\">\n\t\t\t\t\t\t\t\t\t\t\t\t<label for=\"form-field-field_08b50df\" class=\"elementor-field-label\">\n\t\t\t\t\t\t\t\tTel\u00e9fono\t\t\t\t\t\t\t<\/label>\n\t\t\t\t\t\t\t\t\t\t\t\t\t\t<input size=\"1\" type=\"text\" name=\"form_fields[field_08b50df]\" id=\"form-field-field_08b50df\" class=\"elementor-field elementor-size-md  elementor-field-textual\">\n\t\t\t\t\t\t\t\t\t\t\t<\/div>\n\t\t\t\t\t\t\t\t<div class=\"elementor-field-type-textarea elementor-field-group elementor-column elementor-field-group-message elementor-col-100 elementor-field-required elementor-mark-required\">\n\t\t\t\t\t\t\t\t\t\t\t\t<label for=\"form-field-message\" class=\"elementor-field-label\">\n\t\t\t\t\t\t\t\tMensaje\t\t\t\t\t\t\t<\/label>\n\t\t\t\t\t\t<textarea class=\"elementor-field-textual elementor-field  elementor-size-md\" name=\"form_fields[message]\" id=\"form-field-message\" rows=\"8\" required=\"required\" aria-required=\"true\"><\/textarea>\t\t\t\t<\/div>\n\t\t\t\t\t\t\t\t<div class=\"elementor-field-type-recaptcha_v3 elementor-field-group elementor-column elementor-field-group-field_d5aba98 elementor-col-100 recaptcha_v3-bottomright\">\n\t\t\t\t\t<div class=\"elementor-field\" id=\"form-field-field_d5aba98\"><div class=\"elementor-g-recaptcha\" data-sitekey=\"6Ldc_wwqAAAAACRx1IyM87a_mRaZ10yeQZyYbYli\" data-type=\"v3\" data-action=\"Form\" data-badge=\"bottomright\" data-size=\"invisible\"><\/div><\/div>\t\t\t\t<\/div>\n\t\t\t\t\t\t\t\t<div class=\"elementor-field-group elementor-column elementor-field-type-submit elementor-col-100 e-form__buttons\">\n\t\t\t\t\t<button class=\"elementor-button elementor-size-md\" type=\"submit\">\n\t\t\t\t\t\t<span class=\"elementor-button-content-wrapper\">\n\t\t\t\t\t\t\t\t\t\t\t\t\t\t\t\t\t\t\t\t\t\t<span class=\"elementor-button-text\">Enviar mensaje<\/span>\n\t\t\t\t\t\t\t\t\t\t\t\t\t<\/span>\n\t\t\t\t\t<\/button>\n\t\t\t\t<\/div>\n\t\t\t<\/div>\n\t\t<\/form>\n\t\t\t\t<\/div>\n\t\t\t\t<\/div>\n\t\t\t\t<div class=\"elementor-element elementor-element-143e6ba elementor-widget elementor-widget-heading\" data-id=\"143e6ba\" data-element_type=\"widget\" data-widget_type=\"heading.default\">\n\t\t\t\t<div class=\"elementor-widget-container\">\n\t\t\t<h3 class=\"elementor-heading-title elementor-size-default\">\u00a1Vis\u00edtanos!<\/h3>\t\t<\/div>\n\t\t\t\t<\/div>\n\t\t\t\t<div class=\"elementor-element elementor-element-476812c elementor-widget elementor-widget-text-editor\" data-id=\"476812c\" data-element_type=\"widget\" data-widget_type=\"text-editor.default\">\n\t\t\t\t<div class=\"elementor-widget-container\">\n\t\t\t\t\t\t\t<p><strong>Dante Alighieri Monterrey<\/strong><\/p>\t\t\t\t\t\t<\/div>\n\t\t\t\t<\/div>\n\t\t\t\t<div class=\"elementor-element elementor-element-9e56adf elementor-widget elementor-widget-text-editor\" data-id=\"9e56adf\" data-element_type=\"widget\" data-widget_type=\"text-editor.default\">\n\t\t\t\t<div class=\"elementor-widget-container\">\n\t\t\t\t\t\t\t<p><strong>Tel\u00e9fono(s):<\/strong><br \/>8183408859, 8183439231, 8189897492<\/p>\t\t\t\t\t\t<\/div>\n\t\t\t\t<\/div>\n\t\t\t\t<div class=\"elementor-element elementor-element-2d41e55 elementor-widget elementor-widget-text-editor\" data-id=\"2d41e55\" data-element_type=\"widget\" data-widget_type=\"text-editor.default\">\n\t\t\t\t<div class=\"elementor-widget-container\">\n\t\t\t\t\t\t\t<p><strong>Direcci\u00f3n:<\/strong><br \/>Porfirio D\u00edaz 802 Sur \/ Monterrey, N.L. Mexico. 64000<br \/><em>(Entre Hidalgo y Lic. Verdad. A espaldas de la Iglesia &#8220;Pur\u00edsima&#8221;)<\/em><\/p>\t\t\t\t\t\t<\/div>\n\t\t\t\t<\/div>\n\t\t\t\t<div class=\"elementor-element elementor-element-3376944 elementor-widget elementor-widget-text-editor\" data-id=\"3376944\" data-element_type=\"widget\" data-widget_type=\"text-editor.default\">\n\t\t\t\t<div class=\"elementor-widget-container\">\n\t\t\t\t\t\t\t<p><strong>Horarios de oficina:<\/strong><br \/>Lunes a S\u00e1bado 9:00 am &#8211; 1:00 pm<\/p>\t\t\t\t\t\t<\/div>\n\t\t\t\t<\/div>\n\t\t\t\t<div class=\"elementor-element elementor-element-a9967f6 elementor-widget elementor-widget-google_maps\" data-id=\"a9967f6\" data-element_type=\"widget\" data-widget_type=\"google_maps.default\">\n\t\t\t\t<div class=\"elementor-widget-container\">\n\t\t\t\t\t<div class=\"elementor-custom-embed\">\n\t\t\t<iframe loading=\"lazy\"\n\t\t\t\t\tsrc=\"https:\/\/maps.google.com\/maps?q=Dante%20Alighieri%20Monterrey%20Porfirio%20D%C3%ADaz%20802%2C%20Centro%2C%2064000%20Monterrey%2C%20N.L.&#038;t=m&#038;z=16&#038;output=embed&#038;iwloc=near\"\n\t\t\t\t\ttitle=\"Dante Alighieri Monterrey Porfirio D\u00edaz 802, Centro, 64000 Monterrey, N.L.\"\n\t\t\t\t\taria-label=\"Dante Alighieri Monterrey Porfirio D\u00edaz 802, Centro, 64000 Monterrey, N.L.\"\n\t\t\t><\/iframe>\n\t\t<\/div>\n\t\t\t\t<\/div>\n\t\t\t\t<\/div>\n\t\t\t\t<div class=\"elementor-element elementor-element-8a88591 elementor-align-center elementor-widget elementor-widget-button\" data-id=\"8a88591\" data-element_type=\"widget\" data-widget_type=\"button.default\">\n\t\t\t\t<div class=\"elementor-widget-container\">\n\t\t\t\t\t<div class=\"elementor-button-wrapper\">\n\t\t\t<a class=\"elementor-button elementor-button-link elementor-size-sm\" href=\"https:\/\/dantealighierimty.com\/\">\n\t\t\t\t\t\t<span class=\"elementor-button-content-wrapper\">\n\t\t\t\t\t\t\t\t\t<span class=\"elementor-button-text\">Regresar<\/span>\n\t\t\t\t\t<\/span>\n\t\t\t\t\t<\/a>\n\t\t<\/div>\n\t\t\t\t<\/div>\n\t\t\t\t<\/div>\n\t\t\t\t\t<\/div>\n\t\t<\/div>\n\t\t\t\t\t<\/div>\n\t\t<\/section>\n\t\t\t\t<\/div>\n\t\t","protected":false},"excerpt":{"rendered":"<p>\u00bfDeseas m\u00e1s informaci\u00f3n? Si tienes alguna duda o comentario puedes contactarnos utilizando el siguiente formulario. Contamos con aviso de privacidad para la protecci\u00f3n de tus datos personales. Cons\u00faltalo aqu\u00ed. \u00a1Vis\u00edtanos! Dante Alighieri Monterrey Tel\u00e9fono(s):8183408859, 8183439231, 8189897492 Direcci\u00f3n:Porfirio D\u00edaz 802 Sur \/ Monterrey, N.L. Mexico. 64000(Entre Hidalgo y Lic. Verdad. A espaldas de la Iglesia &#8220;Pur\u00edsima&#8221;) [&hellip;]<\/p>\n","protected":false},"author":1,"featured_media":0,"parent":0,"menu_order":0,"comment_status":"closed","ping_status":"closed","template":"","meta":{"footnotes":""},"yoast_head":"<!-- This site is optimized with the Yoast SEO plugin v23.0 - https:\/\/yoast.com\/wordpress\/plugins\/seo\/ -->\n<title>Formulario Contacto Web - Dante Alighieri de Monterrey<\/title>\n<meta name=\"robots\" content=\"index, follow, max-snippet:-1, max-image-preview:large, max-video-preview:-1\" \/>\n<link rel=\"canonical\" href=\"https:\/\/dantealighierimty.com\/sitio\/formulario-contacto-web\/\" \/>\n<meta property=\"og:locale\" content=\"es_MX\" \/>\n<meta property=\"og:type\" content=\"article\" \/>\n<meta property=\"og:title\" content=\"Formulario Contacto Web - Dante Alighieri de Monterrey\" \/>\n<meta property=\"og:description\" content=\"\u00bfDeseas m\u00e1s informaci\u00f3n? Si tienes alguna duda o comentario puedes contactarnos utilizando el siguiente formulario. Contamos con aviso de privacidad para la protecci\u00f3n de tus datos personales. Cons\u00faltalo aqu\u00ed. \u00a1Vis\u00edtanos! Dante Alighieri Monterrey Tel\u00e9fono(s):8183408859, 8183439231, 8189897492 Direcci\u00f3n:Porfirio D\u00edaz 802 Sur \/ Monterrey, N.L. Mexico. 64000(Entre Hidalgo y Lic. Verdad. A espaldas de la Iglesia &#8220;Pur\u00edsima&#8221;) [&hellip;]\" \/>\n<meta property=\"og:url\" content=\"https:\/\/dantealighierimty.com\/sitio\/formulario-contacto-web\/\" \/>\n<meta property=\"og:site_name\" content=\"Dante Alighieri de Monterrey\" \/>\n<meta property=\"article:modified_time\" content=\"2024-07-12T15:19:17+00:00\" \/>\n<meta name=\"twitter:card\" content=\"summary_large_image\" \/>\n<meta name=\"twitter:label1\" content=\"Tiempo de lectura\" \/>\n\t<meta name=\"twitter:data1\" content=\"1 minuto\" \/>\n<script type=\"application\/ld+json\" class=\"yoast-schema-graph\">{\"@context\":\"https:\/\/schema.org\",\"@graph\":[{\"@type\":\"WebPage\",\"@id\":\"https:\/\/dantealighierimty.com\/sitio\/formulario-contacto-web\/\",\"url\":\"https:\/\/dantealighierimty.com\/sitio\/formulario-contacto-web\/\",\"name\":\"Formulario Contacto Web - Dante Alighieri de Monterrey\",\"isPartOf\":{\"@id\":\"https:\/\/dantealighierimty.com\/sitio\/#website\"},\"datePublished\":\"2024-07-10T22:30:22+00:00\",\"dateModified\":\"2024-07-12T15:19:17+00:00\",\"breadcrumb\":{\"@id\":\"https:\/\/dantealighierimty.com\/sitio\/formulario-contacto-web\/#breadcrumb\"},\"inLanguage\":\"es\",\"potentialAction\":[{\"@type\":\"ReadAction\",\"target\":[\"https:\/\/dantealighierimty.com\/sitio\/formulario-contacto-web\/\"]}]},{\"@type\":\"BreadcrumbList\",\"@id\":\"https:\/\/dantealighierimty.com\/sitio\/formulario-contacto-web\/#breadcrumb\",\"itemListElement\":[{\"@type\":\"ListItem\",\"position\":1,\"name\":\"Inicio\",\"item\":\"https:\/\/dantealighierimty.com\/sitio\/\"},{\"@type\":\"ListItem\",\"position\":2,\"name\":\"Formulario Contacto Web\"}]},{\"@type\":\"WebSite\",\"@id\":\"https:\/\/dantealighierimty.com\/sitio\/#website\",\"url\":\"https:\/\/dantealighierimty.com\/sitio\/\",\"name\":\"Dante Alighieri de Monterrey\",\"description\":\"\",\"potentialAction\":[{\"@type\":\"SearchAction\",\"target\":{\"@type\":\"EntryPoint\",\"urlTemplate\":\"https:\/\/dantealighierimty.com\/sitio\/?s={search_term_string}\"},\"query-input\":\"required name=search_term_string\"}],\"inLanguage\":\"es\"}]}<\/script>\n<!-- \/ Yoast SEO plugin. -->","yoast_head_json":{"title":"Formulario Contacto Web - Dante Alighieri de Monterrey","robots":{"index":"index","follow":"follow","max-snippet":"max-snippet:-1","max-image-preview":"max-image-preview:large","max-video-preview":"max-video-preview:-1"},"canonical":"https:\/\/dantealighierimty.com\/sitio\/formulario-contacto-web\/","og_locale":"es_MX","og_type":"article","og_title":"Formulario Contacto Web - Dante Alighieri de Monterrey","og_description":"\u00bfDeseas m\u00e1s informaci\u00f3n? Si tienes alguna duda o comentario puedes contactarnos utilizando el siguiente formulario. Contamos con aviso de privacidad para la protecci\u00f3n de tus datos personales. Cons\u00faltalo aqu\u00ed. \u00a1Vis\u00edtanos! Dante Alighieri Monterrey Tel\u00e9fono(s):8183408859, 8183439231, 8189897492 Direcci\u00f3n:Porfirio D\u00edaz 802 Sur \/ Monterrey, N.L. Mexico. 64000(Entre Hidalgo y Lic. Verdad. A espaldas de la Iglesia &#8220;Pur\u00edsima&#8221;) [&hellip;]","og_url":"https:\/\/dantealighierimty.com\/sitio\/formulario-contacto-web\/","og_site_name":"Dante Alighieri de Monterrey","article_modified_time":"2024-07-12T15:19:17+00:00","twitter_card":"summary_large_image","twitter_misc":{"Tiempo de lectura":"1 minuto"},"schema":{"@context":"https:\/\/schema.org","@graph":[{"@type":"WebPage","@id":"https:\/\/dantealighierimty.com\/sitio\/formulario-contacto-web\/","url":"https:\/\/dantealighierimty.com\/sitio\/formulario-contacto-web\/","name":"Formulario Contacto Web - Dante Alighieri de Monterrey","isPartOf":{"@id":"https:\/\/dantealighierimty.com\/sitio\/#website"},"datePublished":"2024-07-10T22:30:22+00:00","dateModified":"2024-07-12T15:19:17+00:00","breadcrumb":{"@id":"https:\/\/dantealighierimty.com\/sitio\/formulario-contacto-web\/#breadcrumb"},"inLanguage":"es","potentialAction":[{"@type":"ReadAction","target":["https:\/\/dantealighierimty.com\/sitio\/formulario-contacto-web\/"]}]},{"@type":"BreadcrumbList","@id":"https:\/\/dantealighierimty.com\/sitio\/formulario-contacto-web\/#breadcrumb","itemListElement":[{"@type":"ListItem","position":1,"name":"Inicio","item":"https:\/\/dantealighierimty.com\/sitio\/"},{"@type":"ListItem","position":2,"name":"Formulario Contacto Web"}]},{"@type":"WebSite","@id":"https:\/\/dantealighierimty.com\/sitio\/#website","url":"https:\/\/dantealighierimty.com\/sitio\/","name":"Dante Alighieri de Monterrey","description":"","potentialAction":[{"@type":"SearchAction","target":{"@type":"EntryPoint","urlTemplate":"https:\/\/dantealighierimty.com\/sitio\/?s={search_term_string}"},"query-input":"required name=search_term_string"}],"inLanguage":"es"}]}},"_links":{"self":[{"href":"https:\/\/dantealighierimty.com\/sitio\/wp-json\/wp\/v2\/pages\/866"}],"collection":[{"href":"https:\/\/dantealighierimty.com\/sitio\/wp-json\/wp\/v2\/pages"}],"about":[{"href":"https:\/\/dantealighierimty.com\/sitio\/wp-json\/wp\/v2\/types\/page"}],"author":[{"embeddable":true,"href":"https:\/\/dantealighierimty.com\/sitio\/wp-json\/wp\/v2\/users\/1"}],"replies":[{"embeddable":true,"href":"https:\/\/dantealighierimty.com\/sitio\/wp-json\/wp\/v2\/comments?post=866"}],"version-history":[{"count":19,"href":"https:\/\/dantealighierimty.com\/sitio\/wp-json\/wp\/v2\/pages\/866\/revisions"}],"predecessor-version":[{"id":890,"href":"https:\/\/dantealighierimty.com\/sitio\/wp-json\/wp\/v2\/pages\/866\/revisions\/890"}],"wp:attachment":[{"href":"https:\/\/dantealighierimty.com\/sitio\/wp-json\/wp\/v2\/media?parent=866"}],"curies":[{"name":"wp","href":"https:\/\/api.w.org\/{rel}","templated":true}]}}